{"id":22,"date":"2024-04-19T09:51:18","date_gmt":"2024-04-19T07:51:18","guid":{"rendered":"https:\/\/henirajzmuhelye.hu\/?page_id=22"},"modified":"2024-08-12T11:35:26","modified_gmt":"2024-08-12T09:35:26","slug":"portfolio","status":"publish","type":"page","link":"https:\/\/henirajzmuhelye.hu\/index.php\/portfolio\/","title":{"rendered":"Blogom"},"content":{"rendered":"\t\t<div data-elementor-type=\"wp-page\" data-elementor-id=\"22\" class=\"elementor elementor-22\" data-elementor-post-type=\"page\">\n\t\t\t\t<div data-dce-background-overlay-color=\"#000000\" data-dce-background-image-url=\"https:\/\/henirajzmuhelye.hu\/wp-content\/uploads\/2024\/04\/full-shot-woman-putting-frame-wall.jpg\" class=\"elementor-element elementor-element-b72db4d e-flex e-con-boxed e-con e-parent\" data-id=\"b72db4d\" data-element_type=\"container\" data-settings=\"{&quot;background_background&quot;:&quot;classic&quot;}\">\n\t\t\t\t\t<div class=\"e-con-inner\">\n\t\t\t\t<div class=\"elementor-element elementor-element-fceb430 elementor-widget elementor-widget-heading\" data-id=\"fceb430\" data-element_type=\"widget\" data-widget_type=\"heading.default\">\n\t\t\t\t<div class=\"elementor-widget-container\">\n\t\t\t<style>\/*! elementor - v3.21.0 - 18-04-2024 *\/\n.elementor-heading-title{padding:0;margin:0;line-height:1}.elementor-widget-heading .elementor-heading-title[class*=elementor-size-]>a{color:inherit;font-size:inherit;line-height:inherit}.elementor-widget-heading .elementor-heading-title.elementor-size-small{font-size:15px}.elementor-widget-heading .elementor-heading-title.elementor-size-medium{font-size:19px}.elementor-widget-heading .elementor-heading-title.elementor-size-large{font-size:29px}.elementor-widget-heading .elementor-heading-title.elementor-size-xl{font-size:39px}.elementor-widget-heading .elementor-heading-title.elementor-size-xxl{font-size:59px}<\/style><h2 class=\"elementor-heading-title elementor-size-default\">BLOGOM<\/h2>\t\t<\/div>\n\t\t\t\t<\/div>\n\t\t\t\t\t<\/div>\n\t\t\t\t<\/div>\n\t\t<div data-dce-background-color=\"#FFFFFF\" class=\"elementor-element elementor-element-bcc6ccd e-flex e-con-boxed e-con e-parent\" data-id=\"bcc6ccd\" data-element_type=\"container\" data-settings=\"{&quot;background_background&quot;:&quot;classic&quot;}\">\n\t\t\t\t\t<div class=\"e-con-inner\">\n\t\t\t\t<div class=\"elementor-element elementor-element-2c83b61 elementor-grid-3 elementor-grid-tablet-2 elementor-grid-mobile-1 elementor-posts--thumbnail-top elementor-card-shadow-yes elementor-posts__hover-gradient elementor-widget elementor-widget-posts\" data-id=\"2c83b61\" data-element_type=\"widget\" data-settings=\"{&quot;pagination_type&quot;:&quot;numbers&quot;,&quot;cards_columns&quot;:&quot;3&quot;,&quot;cards_columns_tablet&quot;:&quot;2&quot;,&quot;cards_columns_mobile&quot;:&quot;1&quot;,&quot;cards_row_gap&quot;:{&quot;unit&quot;:&quot;px&quot;,&quot;size&quot;:35,&quot;sizes&quot;:[]},&quot;cards_row_gap_tablet&quot;:{&quot;unit&quot;:&quot;px&quot;,&quot;size&quot;:&quot;&quot;,&quot;sizes&quot;:[]},&quot;cards_row_gap_mobile&quot;:{&quot;unit&quot;:&quot;px&quot;,&quot;size&quot;:&quot;&quot;,&quot;sizes&quot;:[]}}\" data-widget_type=\"posts.cards\">\n\t\t\t\t<div class=\"elementor-widget-container\">\n\t\t\t<link rel=\"stylesheet\" href=\"https:\/\/henirajzmuhelye.hu\/wp-content\/plugins\/elementor-pro\/assets\/css\/widget-posts.min.css\">\t\t<div class=\"elementor-posts-container elementor-posts elementor-posts--skin-cards elementor-grid\">\n\t\t\t\t<article class=\"elementor-post elementor-grid-item post-1348 post type-post status-publish format-standard has-post-thumbnail hentry category-erdekessegek tag-alkotas tag-eletpalya tag-festmeny tag-festomuvesz tag-impresszionizmus tag-monet\">\n\t\t\t<div class=\"elementor-post__card\">\n\t\t\t\t<a class=\"elementor-post__thumbnail__link\" href=\"https:\/\/henirajzmuhelye.hu\/index.php\/2025\/12\/27\/szinte-vakon-festett-az-egyik-legismertebb-francia-muvesz\/\" tabindex=\"-1\" ><div class=\"elementor-post__thumbnail\"><img fetchpriority=\"high\" decoding=\"async\" width=\"1000\" height=\"651\" src=\"https:\/\/henirajzmuhelye.hu\/wp-content\/uploads\/2025\/12\/monet-cmo-oil-lan-82215-1-.jpg\" class=\"attachment-full size-full wp-image-1355\" alt=\"\" srcset=\"https:\/\/henirajzmuhelye.hu\/wp-content\/uploads\/2025\/12\/monet-cmo-oil-lan-82215-1-.jpg 1000w, https:\/\/henirajzmuhelye.hu\/wp-content\/uploads\/2025\/12\/monet-cmo-oil-lan-82215-1--300x195.jpg 300w, https:\/\/henirajzmuhelye.hu\/wp-content\/uploads\/2025\/12\/monet-cmo-oil-lan-82215-1--768x500.jpg 768w\" sizes=\"(max-width: 1000px) 100vw, 1000px\" \/><\/div><\/a>\n\t\t\t\t<div class=\"elementor-post__text\">\n\t\t\t\t<h3 class=\"elementor-post__title\">\n\t\t\t<a href=\"https:\/\/henirajzmuhelye.hu\/index.php\/2025\/12\/27\/szinte-vakon-festett-az-egyik-legismertebb-francia-muvesz\/\" >\n\t\t\t\tSzinte vakon festett az egyik legismertebb francia m\u0171v\u00e9sz\t\t\t<\/a>\n\t\t<\/h3>\n\t\t\n\t\t<a class=\"elementor-post__read-more\" href=\"https:\/\/henirajzmuhelye.hu\/index.php\/2025\/12\/27\/szinte-vakon-festett-az-egyik-legismertebb-francia-muvesz\/\" aria-label=\"Read more about Szinte vakon festett az egyik legismertebb francia m\u0171v\u00e9sz\" tabindex=\"-1\" >\n\t\t\tTov\u00e1bb olvasom \u00bb\t\t<\/a>\n\n\t\t\t\t<\/div>\n\t\t\t\t<div class=\"elementor-post__meta-data\">\n\t\t\t\t\t<span class=\"elementor-post-date\">\n\t\t\t2025.12.27.\t\t<\/span>\n\t\t\t\t<\/div>\n\t\t\t\t\t<\/div>\n\t\t<\/article>\n\t\t\t\t<article class=\"elementor-post elementor-grid-item post-1203 post type-post status-publish format-standard has-post-thumbnail hentry category-hirek tag-albert-laszlo tag-festomuvesz tag-genesis-analytics-ltd tag-szenzacio tag-urkutatas\">\n\t\t\t<div class=\"elementor-post__card\">\n\t\t\t\t<a class=\"elementor-post__thumbnail__link\" href=\"https:\/\/henirajzmuhelye.hu\/index.php\/2024\/08\/15\/felkerul-egy-magyar-festomuvesz-alkotasa-a-vilagurbe\/\" tabindex=\"-1\" ><div class=\"elementor-post__thumbnail\"><img decoding=\"async\" width=\"800\" height=\"450\" src=\"https:\/\/henirajzmuhelye.hu\/wp-content\/uploads\/2024\/08\/albert-laszlo-festo.inbox800x450.jpg\" class=\"attachment-full size-full wp-image-1204\" alt=\"\" srcset=\"https:\/\/henirajzmuhelye.hu\/wp-content\/uploads\/2024\/08\/albert-laszlo-festo.inbox800x450.jpg 800w, https:\/\/henirajzmuhelye.hu\/wp-content\/uploads\/2024\/08\/albert-laszlo-festo.inbox800x450-300x169.jpg 300w, https:\/\/henirajzmuhelye.hu\/wp-content\/uploads\/2024\/08\/albert-laszlo-festo.inbox800x450-768x432.jpg 768w\" sizes=\"(max-width: 800px) 100vw, 800px\" \/><\/div><\/a>\n\t\t\t\t<div class=\"elementor-post__text\">\n\t\t\t\t<h3 class=\"elementor-post__title\">\n\t\t\t<a href=\"https:\/\/henirajzmuhelye.hu\/index.php\/2024\/08\/15\/felkerul-egy-magyar-festomuvesz-alkotasa-a-vilagurbe\/\" >\n\t\t\t\tFelker\u00fcl egy magyar fest\u0151m\u0171v\u00e9sz alkot\u00e1sa a vil\u00e1g\u0171rbe!\t\t\t<\/a>\n\t\t<\/h3>\n\t\t\n\t\t<a class=\"elementor-post__read-more\" href=\"https:\/\/henirajzmuhelye.hu\/index.php\/2024\/08\/15\/felkerul-egy-magyar-festomuvesz-alkotasa-a-vilagurbe\/\" aria-label=\"Read more about Felker\u00fcl egy magyar fest\u0151m\u0171v\u00e9sz alkot\u00e1sa a vil\u00e1g\u0171rbe!\" tabindex=\"-1\" >\n\t\t\tTov\u00e1bb olvasom \u00bb\t\t<\/a>\n\n\t\t\t\t<\/div>\n\t\t\t\t<div class=\"elementor-post__meta-data\">\n\t\t\t\t\t<span class=\"elementor-post-date\">\n\t\t\t2024.08.15.\t\t<\/span>\n\t\t\t\t<\/div>\n\t\t\t\t\t<\/div>\n\t\t<\/article>\n\t\t\t\t<article class=\"elementor-post elementor-grid-item post-1097 post type-post status-publish format-standard has-post-thumbnail hentry category-hirek tag-alkotas tag-banksy tag-london tag-streetart\">\n\t\t\t<div class=\"elementor-post__card\">\n\t\t\t\t<a class=\"elementor-post__thumbnail__link\" href=\"https:\/\/henirajzmuhelye.hu\/index.php\/2024\/08\/14\/gorilla-es-foka-lathato-a-nagy-banksy-sorozat-utolso-alkotasan\/\" tabindex=\"-1\" ><div class=\"elementor-post__thumbnail\"><img decoding=\"async\" width=\"800\" height=\"370\" src=\"https:\/\/henirajzmuhelye.hu\/wp-content\/uploads\/2024\/08\/Banksy-gorilla-es-foka.jpg\" class=\"attachment-full size-full wp-image-1099\" alt=\"Banksy gorilla \u00e9s f\u00f3ka streetart London\" srcset=\"https:\/\/henirajzmuhelye.hu\/wp-content\/uploads\/2024\/08\/Banksy-gorilla-es-foka.jpg 800w, https:\/\/henirajzmuhelye.hu\/wp-content\/uploads\/2024\/08\/Banksy-gorilla-es-foka-300x139.jpg 300w, https:\/\/henirajzmuhelye.hu\/wp-content\/uploads\/2024\/08\/Banksy-gorilla-es-foka-768x355.jpg 768w\" sizes=\"(max-width: 800px) 100vw, 800px\" \/><\/div><\/a>\n\t\t\t\t<div class=\"elementor-post__text\">\n\t\t\t\t<h3 class=\"elementor-post__title\">\n\t\t\t<a href=\"https:\/\/henirajzmuhelye.hu\/index.php\/2024\/08\/14\/gorilla-es-foka-lathato-a-nagy-banksy-sorozat-utolso-alkotasan\/\" >\n\t\t\t\tGorilla \u00e9s f\u00f3ka l\u00e1that\u00f3 a nagy Banksy-sorozat utols\u00f3 alkot\u00e1s\u00e1n\t\t\t<\/a>\n\t\t<\/h3>\n\t\t\n\t\t<a class=\"elementor-post__read-more\" href=\"https:\/\/henirajzmuhelye.hu\/index.php\/2024\/08\/14\/gorilla-es-foka-lathato-a-nagy-banksy-sorozat-utolso-alkotasan\/\" aria-label=\"Read more about Gorilla \u00e9s f\u00f3ka l\u00e1that\u00f3 a nagy Banksy-sorozat utols\u00f3 alkot\u00e1s\u00e1n\" tabindex=\"-1\" >\n\t\t\tTov\u00e1bb olvasom \u00bb\t\t<\/a>\n\n\t\t\t\t<\/div>\n\t\t\t\t<div class=\"elementor-post__meta-data\">\n\t\t\t\t\t<span class=\"elementor-post-date\">\n\t\t\t2024.08.14.\t\t<\/span>\n\t\t\t\t<\/div>\n\t\t\t\t\t<\/div>\n\t\t<\/article>\n\t\t\t\t<article class=\"elementor-post elementor-grid-item post-1073 post type-post status-publish format-standard has-post-thumbnail hentry category-hirek\">\n\t\t\t<div class=\"elementor-post__card\">\n\t\t\t\t<a class=\"elementor-post__thumbnail__link\" href=\"https:\/\/henirajzmuhelye.hu\/index.php\/2024\/08\/13\/keseru-ilona-es-kun-fruzsina-muveibol-nyilik-kiallitas-pecsen\/\" tabindex=\"-1\" ><div class=\"elementor-post__thumbnail\"><img loading=\"lazy\" decoding=\"async\" width=\"720\" height=\"480\" src=\"https:\/\/henirajzmuhelye.hu\/wp-content\/uploads\/2024\/08\/Keseru-Ilona-Eloerzet-cimu-festmenye.jpg\" class=\"attachment-full size-full wp-image-1074\" alt=\"\" \/><\/div><\/a>\n\t\t\t\t<div class=\"elementor-post__text\">\n\t\t\t\t<h3 class=\"elementor-post__title\">\n\t\t\t<a href=\"https:\/\/henirajzmuhelye.hu\/index.php\/2024\/08\/13\/keseru-ilona-es-kun-fruzsina-muveibol-nyilik-kiallitas-pecsen\/\" >\n\t\t\t\tKeser\u00fc\u00a0Ilona\u00a0\u00e9s\u00a0Kun\u00a0Fruzsina\u00a0m\u0171veib\u0151l\u00a0ny\u00edlik\u00a0ki\u00e1ll\u00edt\u00e1s\u00a0P\u00e9csen\t\t\t<\/a>\n\t\t<\/h3>\n\t\t\n\t\t<a class=\"elementor-post__read-more\" href=\"https:\/\/henirajzmuhelye.hu\/index.php\/2024\/08\/13\/keseru-ilona-es-kun-fruzsina-muveibol-nyilik-kiallitas-pecsen\/\" aria-label=\"Read more about Keser\u00fc\u00a0Ilona\u00a0\u00e9s\u00a0Kun\u00a0Fruzsina\u00a0m\u0171veib\u0151l\u00a0ny\u00edlik\u00a0ki\u00e1ll\u00edt\u00e1s\u00a0P\u00e9csen\" tabindex=\"-1\" >\n\t\t\tTov\u00e1bb olvasom \u00bb\t\t<\/a>\n\n\t\t\t\t<\/div>\n\t\t\t\t<div class=\"elementor-post__meta-data\">\n\t\t\t\t\t<span class=\"elementor-post-date\">\n\t\t\t2024.08.13.\t\t<\/span>\n\t\t\t\t<\/div>\n\t\t\t\t\t<\/div>\n\t\t<\/article>\n\t\t\t\t<article class=\"elementor-post elementor-grid-item post-1070 post type-post status-publish format-standard has-post-thumbnail hentry category-hirek\">\n\t\t\t<div class=\"elementor-post__card\">\n\t\t\t\t<a class=\"elementor-post__thumbnail__link\" href=\"https:\/\/henirajzmuhelye.hu\/index.php\/2024\/08\/13\/szazotvennyolc-alkotas-szerepel-a-70-vasarhelyi-oszi-tarlaton\/\" tabindex=\"-1\" ><div class=\"elementor-post__thumbnail\"><img loading=\"lazy\" decoding=\"async\" width=\"5184\" height=\"3888\" src=\"https:\/\/henirajzmuhelye.hu\/wp-content\/uploads\/2024\/08\/Vasarhelyi-oszi-tarlat-sajat-foto-DSCN7313.jpg\" class=\"attachment-full size-full wp-image-1071\" alt=\"\" \/><\/div><\/a>\n\t\t\t\t<div class=\"elementor-post__text\">\n\t\t\t\t<h3 class=\"elementor-post__title\">\n\t\t\t<a href=\"https:\/\/henirajzmuhelye.hu\/index.php\/2024\/08\/13\/szazotvennyolc-alkotas-szerepel-a-70-vasarhelyi-oszi-tarlaton\/\" >\n\t\t\t\tSz\u00e1z\u00f6tvennyolc\u00a0alkot\u00e1s\u00a0szerepel\u00a0a\u00a070.\u00a0V\u00e1s\u00e1rhelyi\u00a0\u0150szi\u00a0T\u00e1rlaton\t\t\t<\/a>\n\t\t<\/h3>\n\t\t\n\t\t<a class=\"elementor-post__read-more\" href=\"https:\/\/henirajzmuhelye.hu\/index.php\/2024\/08\/13\/szazotvennyolc-alkotas-szerepel-a-70-vasarhelyi-oszi-tarlaton\/\" aria-label=\"Read more about Sz\u00e1z\u00f6tvennyolc\u00a0alkot\u00e1s\u00a0szerepel\u00a0a\u00a070.\u00a0V\u00e1s\u00e1rhelyi\u00a0\u0150szi\u00a0T\u00e1rlaton\" tabindex=\"-1\" >\n\t\t\tTov\u00e1bb olvasom \u00bb\t\t<\/a>\n\n\t\t\t\t<\/div>\n\t\t\t\t<div class=\"elementor-post__meta-data\">\n\t\t\t\t\t<span class=\"elementor-post-date\">\n\t\t\t2024.08.13.\t\t<\/span>\n\t\t\t\t<\/div>\n\t\t\t\t\t<\/div>\n\t\t<\/article>\n\t\t\t\t<\/div>\n\t\t\n\t\t\t\t<\/div>\n\t\t\t\t<\/div>\n\t\t\t\t\t<\/div>\n\t\t\t\t<\/div>\n\t\t\t\t<\/div>\n\t\t","protected":false},"excerpt":{"rendered":"<p>BLOGOM<\/p>\n","protected":false},"author":1,"featured_media":0,"parent":0,"menu_order":0,"comment_status":"closed","ping_status":"closed","template":"elementor_header_footer","meta":{"footnotes":""},"class_list":["post-22","page","type-page","status-publish","hentry"],"blocksy_meta":[],"_links":{"self":[{"href":"https:\/\/henirajzmuhelye.hu\/index.php\/wp-json\/wp\/v2\/pages\/22"}],"collection":[{"href":"https:\/\/henirajzmuhelye.hu\/index.php\/wp-json\/wp\/v2\/pages"}],"about":[{"href":"https:\/\/henirajzmuhelye.hu\/index.php\/wp-json\/wp\/v2\/types\/page"}],"author":[{"embeddable":true,"href":"https:\/\/henirajzmuhelye.hu\/index.php\/wp-json\/wp\/v2\/users\/1"}],"replies":[{"embeddable":true,"href":"https:\/\/henirajzmuhelye.hu\/index.php\/wp-json\/wp\/v2\/comments?post=22"}],"version-history":[{"count":119,"href":"https:\/\/henirajzmuhelye.hu\/index.php\/wp-json\/wp\/v2\/pages\/22\/revisions"}],"predecessor-version":[{"id":1000,"href":"https:\/\/henirajzmuhelye.hu\/index.php\/wp-json\/wp\/v2\/pages\/22\/revisions\/1000"}],"wp:attachment":[{"href":"https:\/\/henirajzmuhelye.hu\/index.php\/wp-json\/wp\/v2\/media?parent=22"}],"curies":[{"name":"wp","href":"https:\/\/api.w.org\/{rel}","templated":true}]}}